{"id":154,"date":"2025-11-10T01:27:11","date_gmt":"2025-11-09T22:27:11","guid":{"rendered":"https:\/\/demo.garsoft.com.tr\/jel-eldiven\/?post_type=product&#038;p=154"},"modified":"2025-11-10T01:28:46","modified_gmt":"2025-11-09T22:28:46","slug":"ev-hanimlari-seti","status":"publish","type":"product","link":"https:\/\/demo.garsoft.com.tr\/jel-eldiven\/urun\/ev-hanimlari-seti","title":{"rendered":"Ev Han\u0131mlar\u0131 Seti"},"content":{"rendered":"","protected":false},"excerpt":{"rendered":"<p>Ev i\u015fleri i\u00e7in \u00f6zel hassas cilt dostu paket<\/p>\n","protected":false},"featured_media":0,"comment_status":"open","ping_status":"closed","template":"","meta":[],"product_brand":[],"product_cat":[15],"product_tag":[],"class_list":{"0":"post-154","1":"product","2":"type-product","3":"status-publish","5":"product_cat-genel","7":"first","8":"instock","9":"sale","10":"virtual","11":"purchasable","12":"product-type-bundle"},"bundled_by":[],"bundle_stock_status":"instock","bundle_stock_quantity":"","bundle_virtual":false,"bundle_layout":"tabular","bundle_add_to_cart_form_location":"default","bundle_editable_in_cart":false,"bundle_sold_individually_context":"product","bundle_item_grouping":"noindent","bundle_min_size":"","bundle_max_size":"","bundle_price":{"price":{"min":{"incl_tax":"600","excl_tax":"600"},"max":{"incl_tax":"600","excl_tax":"600"}},"regular_price":{"min":{"incl_tax":"1400","excl_tax":"1400"},"max":{"incl_tax":"1400","excl_tax":"1400"}}},"bundled_items":[{"bundled_item_id":3,"product_id":62,"menu_order":0,"quantity_min":1,"quantity_max":1,"quantity_default":1,"priced_individually":false,"shipped_individually":false,"override_title":false,"title":"Women Pro Jel","override_description":false,"description":"","optional":false,"hide_thumbnail":false,"discount":"","override_variations":false,"allowed_variations":[],"override_default_variation_attributes":false,"default_variation_attributes":[],"single_product_visibility":"visible","cart_visibility":"visible","order_visibility":"visible","single_product_price_visibility":"visible","cart_price_visibility":"visible","order_price_visibility":"visible","stock_status":"in_stock"},{"bundled_item_id":4,"product_id":64,"menu_order":1,"quantity_min":1,"quantity_max":1,"quantity_default":1,"priced_individually":false,"shipped_individually":false,"override_title":false,"title":"Kuaf\u00f6r Pro Jel","override_description":false,"description":"","optional":false,"hide_thumbnail":false,"discount":"","override_variations":false,"allowed_variations":[],"override_default_variation_attributes":false,"default_variation_attributes":[],"single_product_visibility":"visible","cart_visibility":"visible","order_visibility":"visible","single_product_price_visibility":"visible","cart_price_visibility":"visible","order_price_visibility":"visible","stock_status":"in_stock"}],"bundle_sell_ids":[],"yoast_head":"<!-- This site is optimized with the Yoast SEO plugin v26.5 - https:\/\/yoast.com\/wordpress\/plugins\/seo\/ -->\n<title>Ev Han\u0131mlar\u0131 Seti - BioClean<\/title>\n<meta name=\"robots\" content=\"noindex, follow, max-snippet:-1, max-image-preview:large, max-video-preview:-1\" \/>\n<meta property=\"og:locale\" content=\"tr_TR\" \/>\n<meta property=\"og:type\" content=\"article\" \/>\n<meta property=\"og:title\" content=\"Ev Han\u0131mlar\u0131 Seti - BioClean\" \/>\n<meta property=\"og:description\" content=\"Ev i\u015fleri i\u00e7in \u00f6zel hassas cilt dostu paket\" \/>\n<meta property=\"og:url\" content=\"https:\/\/demo.garsoft.com.tr\/jel-eldiven\/urun\/ev-hanimlari-seti\" \/>\n<meta property=\"og:site_name\" content=\"BioClean\" \/>\n<meta property=\"article:modified_time\" content=\"2025-11-09T22:28:46+00:00\" \/>\n<meta name=\"twitter:card\" content=\"summary_large_image\" \/>\n<script type=\"application\/ld+json\" class=\"yoast-schema-graph\">{\"@context\":\"https:\/\/schema.org\",\"@graph\":[{\"@type\":\"WebPage\",\"@id\":\"https:\/\/demo.garsoft.com.tr\/jel-eldiven\/urun\/ev-hanimlari-seti\",\"url\":\"https:\/\/demo.garsoft.com.tr\/jel-eldiven\/urun\/ev-hanimlari-seti\",\"name\":\"Ev Han\u0131mlar\u0131 Seti - BioClean\",\"isPartOf\":{\"@id\":\"https:\/\/demo.garsoft.com.tr\/jel-eldiven\/#website\"},\"datePublished\":\"2025-11-09T22:27:11+00:00\",\"dateModified\":\"2025-11-09T22:28:46+00:00\",\"breadcrumb\":{\"@id\":\"https:\/\/demo.garsoft.com.tr\/jel-eldiven\/urun\/ev-hanimlari-seti#breadcrumb\"},\"inLanguage\":\"tr\",\"potentialAction\":[{\"@type\":\"ReadAction\",\"target\":[\"https:\/\/demo.garsoft.com.tr\/jel-eldiven\/urun\/ev-hanimlari-seti\"]}]},{\"@type\":\"BreadcrumbList\",\"@id\":\"https:\/\/demo.garsoft.com.tr\/jel-eldiven\/urun\/ev-hanimlari-seti#breadcrumb\",\"itemListElement\":[{\"@type\":\"ListItem\",\"position\":1,\"name\":\"Anasayfa\",\"item\":\"https:\/\/demo.garsoft.com.tr\/jel-eldiven\"},{\"@type\":\"ListItem\",\"position\":2,\"name\":\"Ma\u011faza\",\"item\":\"https:\/\/demo.garsoft.com.tr\/jel-eldiven\/magaza\"},{\"@type\":\"ListItem\",\"position\":3,\"name\":\"Ev Han\u0131mlar\u0131 Seti\"}]},{\"@type\":\"WebSite\",\"@id\":\"https:\/\/demo.garsoft.com.tr\/jel-eldiven\/#website\",\"url\":\"https:\/\/demo.garsoft.com.tr\/jel-eldiven\/\",\"name\":\"BioClean\",\"description\":\"\",\"potentialAction\":[{\"@type\":\"SearchAction\",\"target\":{\"@type\":\"EntryPoint\",\"urlTemplate\":\"https:\/\/demo.garsoft.com.tr\/jel-eldiven\/?s={search_term_string}\"},\"query-input\":{\"@type\":\"PropertyValueSpecification\",\"valueRequired\":true,\"valueName\":\"search_term_string\"}}],\"inLanguage\":\"tr\"}]}<\/script>\n<!-- \/ Yoast SEO plugin. -->","yoast_head_json":{"title":"Ev Han\u0131mlar\u0131 Seti - BioClean","robots":{"index":"noindex","follow":"follow","max-snippet":"max-snippet:-1","max-image-preview":"max-image-preview:large","max-video-preview":"max-video-preview:-1"},"og_locale":"tr_TR","og_type":"article","og_title":"Ev Han\u0131mlar\u0131 Seti - BioClean","og_description":"Ev i\u015fleri i\u00e7in \u00f6zel hassas cilt dostu paket","og_url":"https:\/\/demo.garsoft.com.tr\/jel-eldiven\/urun\/ev-hanimlari-seti","og_site_name":"BioClean","article_modified_time":"2025-11-09T22:28:46+00:00","twitter_card":"summary_large_image","schema":{"@context":"https:\/\/schema.org","@graph":[{"@type":"WebPage","@id":"https:\/\/demo.garsoft.com.tr\/jel-eldiven\/urun\/ev-hanimlari-seti","url":"https:\/\/demo.garsoft.com.tr\/jel-eldiven\/urun\/ev-hanimlari-seti","name":"Ev Han\u0131mlar\u0131 Seti - BioClean","isPartOf":{"@id":"https:\/\/demo.garsoft.com.tr\/jel-eldiven\/#website"},"datePublished":"2025-11-09T22:27:11+00:00","dateModified":"2025-11-09T22:28:46+00:00","breadcrumb":{"@id":"https:\/\/demo.garsoft.com.tr\/jel-eldiven\/urun\/ev-hanimlari-seti#breadcrumb"},"inLanguage":"tr","potentialAction":[{"@type":"ReadAction","target":["https:\/\/demo.garsoft.com.tr\/jel-eldiven\/urun\/ev-hanimlari-seti"]}]},{"@type":"BreadcrumbList","@id":"https:\/\/demo.garsoft.com.tr\/jel-eldiven\/urun\/ev-hanimlari-seti#breadcrumb","itemListElement":[{"@type":"ListItem","position":1,"name":"Anasayfa","item":"https:\/\/demo.garsoft.com.tr\/jel-eldiven"},{"@type":"ListItem","position":2,"name":"Ma\u011faza","item":"https:\/\/demo.garsoft.com.tr\/jel-eldiven\/magaza"},{"@type":"ListItem","position":3,"name":"Ev Han\u0131mlar\u0131 Seti"}]},{"@type":"WebSite","@id":"https:\/\/demo.garsoft.com.tr\/jel-eldiven\/#website","url":"https:\/\/demo.garsoft.com.tr\/jel-eldiven\/","name":"BioClean","description":"","potentialAction":[{"@type":"SearchAction","target":{"@type":"EntryPoint","urlTemplate":"https:\/\/demo.garsoft.com.tr\/jel-eldiven\/?s={search_term_string}"},"query-input":{"@type":"PropertyValueSpecification","valueRequired":true,"valueName":"search_term_string"}}],"inLanguage":"tr"}]}},"_links":{"self":[{"href":"https:\/\/demo.garsoft.com.tr\/jel-eldiven\/wp-json\/wp\/v2\/product\/154","targetHints":{"allow":["GET"]}}],"collection":[{"href":"https:\/\/demo.garsoft.com.tr\/jel-eldiven\/wp-json\/wp\/v2\/product"}],"about":[{"href":"https:\/\/demo.garsoft.com.tr\/jel-eldiven\/wp-json\/wp\/v2\/types\/product"}],"replies":[{"embeddable":true,"href":"https:\/\/demo.garsoft.com.tr\/jel-eldiven\/wp-json\/wp\/v2\/comments?post=154"}],"wp:attachment":[{"href":"https:\/\/demo.garsoft.com.tr\/jel-eldiven\/wp-json\/wp\/v2\/media?parent=154"}],"wp:term":[{"taxonomy":"product_brand","embeddable":true,"href":"https:\/\/demo.garsoft.com.tr\/jel-eldiven\/wp-json\/wp\/v2\/product_brand?post=154"},{"taxonomy":"product_cat","embeddable":true,"href":"https:\/\/demo.garsoft.com.tr\/jel-eldiven\/wp-json\/wp\/v2\/product_cat?post=154"},{"taxonomy":"product_tag","embeddable":true,"href":"https:\/\/demo.garsoft.com.tr\/jel-eldiven\/wp-json\/wp\/v2\/product_tag?post=154"}],"curies":[{"name":"wp","href":"https:\/\/api.w.org\/{rel}","templated":true}]}}