{"id":7,"date":"2025-11-09T17:11:20","date_gmt":"2025-11-09T14:11:20","guid":{"rendered":"https:\/\/demo.garsoft.com.tr\/jel-eldiven\/?page_id=7"},"modified":"2025-11-09T17:16:20","modified_gmt":"2025-11-09T14:16:20","slug":"sepet","status":"publish","type":"page","link":"https:\/\/demo.garsoft.com.tr\/jel-eldiven\/sepet","title":{"rendered":"Sepet"},"content":{"rendered":"\n<div data-block-name=\"woocommerce\/cart\" class=\"wp-block-woocommerce-cart alignwide is-loading\">\n<div data-block-name=\"woocommerce\/filled-cart-block\" class=\"wp-block-woocommerce-filled-cart-block\">\n<div data-block-name=\"woocommerce\/cart-items-block\" class=\"wp-block-woocommerce-cart-items-block\">\n<div data-block-name=\"woocommerce\/cart-line-items-block\" class=\"wp-block-woocommerce-cart-line-items-block\"><\/div>\n\n\n<\/div>\n\n\n\n\n<div data-block-name=\"woocommerce\/cart-totals-block\" class=\"wp-block-woocommerce-cart-totals-block\">\n<div data-block-name=\"woocommerce\/cart-order-summary-block\" class=\"wp-block-woocommerce-cart-order-summary-block\">\n<div data-block-name=\"woocommerce\/cart-order-summary-heading-block\" class=\"wp-block-woocommerce-cart-order-summary-heading-block\"><\/div><div data-block-name=\"woocommerce\/cart-order-summary-coupon-form-block\" class=\"wp-block-woocommerce-cart-order-summary-coupon-form-block\"><\/div><div data-block-name=\"woocommerce\/cart-order-summary-totals-block\" class=\"wp-block-woocommerce-cart-order-summary-totals-block\">\n<div data-block-name=\"woocommerce\/cart-order-summary-subtotal-block\" class=\"wp-block-woocommerce-cart-order-summary-subtotal-block\"><\/div>\n<div data-block-name=\"woocommerce\/cart-order-summary-discount-block\" class=\"wp-block-woocommerce-cart-order-summary-discount-block\"><\/div>\n<div data-block-name=\"woocommerce\/cart-order-summary-fee-block\" class=\"wp-block-woocommerce-cart-order-summary-fee-block\"><\/div>\n<div data-block-name=\"woocommerce\/cart-order-summary-shipping-block\" class=\"wp-block-woocommerce-cart-order-summary-shipping-block\"><\/div>\n<div data-block-name=\"woocommerce\/cart-order-summary-taxes-block\" class=\"wp-block-woocommerce-cart-order-summary-taxes-block\"><\/div><\/div>\n<\/div>\n\n\n\n<div data-block-name=\"woocommerce\/cart-express-payment-block\" class=\"wp-block-woocommerce-cart-express-payment-block\"><\/div>\n\n\n\n<div data-block-name=\"woocommerce\/proceed-to-checkout-block\" class=\"wp-block-woocommerce-proceed-to-checkout-block\"><\/div>\n\n\n\n<div data-block-name=\"woocommerce\/cart-accepted-payment-methods-block\" class=\"wp-block-woocommerce-cart-accepted-payment-methods-block\"><\/div>\n<\/div>\n<\/div>\n\n\n\n<div data-block-name=\"woocommerce\/empty-cart-block\" class=\"wp-block-woocommerce-empty-cart-block\">\n<h2 class=\"wp-block-heading has-text-align-center with-empty-cart-icon wc-block-cart__empty-cart__title\">Sepetiniz \u015fu anda bo\u015f!<\/h2>\n\n\n\n<hr class=\"wp-block-separator has-alpha-channel-opacity is-style-dots\"\/>\n\n\n\n<h2 class=\"wp-block-heading has-text-align-center\">Ma\u011fazada yeni<\/h2>\n\n\n<div data-block-name=\"woocommerce\/product-new\" data-columns=\"4\" data-rows=\"1\" class=\"wc-block-grid wp-block-product-new wp-block-woocommerce-product-new wc-block-product-new has-4-columns\"><ul class=\"wc-block-grid__products\"><li class=\"wc-block-grid__product\">\n\t\t\t\t<a href=\"https:\/\/demo.garsoft.com.tr\/jel-eldiven\/urun\/profesyonel-boya-seti\" class=\"wc-block-grid__product-link\">\n\t\t\t\t\t<div class=\"wc-block-grid__product-onsale\">\n\t\t\t<span aria-hidden=\"true\">\u0130ndirim<\/span>\n\t\t\t<span class=\"screen-reader-text\">\u0130ndirimdeki \u00fcr\u00fcn<\/span>\n\t\t<\/div>\n\t\t\t\t\t<div class=\"wc-block-grid__product-image\"><img loading=\"lazy\" decoding=\"async\" width=\"300\" height=\"300\" src=\"https:\/\/demo.garsoft.com.tr\/jel-eldiven\/wp-content\/uploads\/woocommerce-placeholder-300x300.webp\" class=\"woocommerce-placeholder wp-post-image\" alt=\"\" srcset=\"https:\/\/demo.garsoft.com.tr\/jel-eldiven\/wp-content\/uploads\/woocommerce-placeholder-300x300.webp 300w, https:\/\/demo.garsoft.com.tr\/jel-eldiven\/wp-content\/uploads\/woocommerce-placeholder-100x100.webp 100w, https:\/\/demo.garsoft.com.tr\/jel-eldiven\/wp-content\/uploads\/woocommerce-placeholder-600x600.webp 600w, https:\/\/demo.garsoft.com.tr\/jel-eldiven\/wp-content\/uploads\/woocommerce-placeholder-1024x1024.webp 1024w, https:\/\/demo.garsoft.com.tr\/jel-eldiven\/wp-content\/uploads\/woocommerce-placeholder-150x150.webp 150w, https:\/\/demo.garsoft.com.tr\/jel-eldiven\/wp-content\/uploads\/woocommerce-placeholder-768x768.webp 768w, https:\/\/demo.garsoft.com.tr\/jel-eldiven\/wp-content\/uploads\/woocommerce-placeholder.webp 1200w\" sizes=\"auto, (max-width: 300px) 100vw, 300px\" \/><\/div>\n\t\t\t\t\t<div class=\"wc-block-grid__product-title\">Profesyonel Boya Seti<\/div>\n\t\t\t\t<\/a>\n\t\t\t\t<div class=\"wc-block-grid__product-price price\"><del aria-hidden=\"true\"><span class=\"woocommerce-Price-amount amount\"><span class=\"woocommerce-Price-currencySymbol\">&#8378;<\/span>5.300,00<\/span><\/del> <span class=\"screen-reader-text\">Orijinal fiyat: &#8378;5.300,00.<\/span><ins aria-hidden=\"true\"><span class=\"woocommerce-Price-amount amount\"><span class=\"woocommerce-Price-currencySymbol\">&#8378;<\/span>3.366,00<\/span><\/ins><span class=\"screen-reader-text\">\u015eu andaki fiyat: &#8378;3.366,00.<\/span><\/div>\n\t\t\t\t\n\t\t\t\t<div class=\"wp-block-button wc-block-grid__product-add-to-cart\"><a href=\"\/jel-eldiven\/wp-json\/wp\/v2\/pages\/7?add-to-cart=156\" aria-label=\"&ldquo;Profesyonel Boya Seti&rdquo; hakk\u0131nda daha fazla bilgi edinin\" data-quantity=\"1\" data-product_id=\"156\" data-product_sku=\"\" data-price=\"0\" rel=\"nofollow\" class=\"wp-block-button__link  add_to_cart_button ajax_add_to_cart\">Sepete Ekle<\/a><\/div>\n\t\t\t<\/li><li class=\"wc-block-grid__product\">\n\t\t\t\t<a href=\"https:\/\/demo.garsoft.com.tr\/jel-eldiven\/urun\/ev-hanimlari-seti\" class=\"wc-block-grid__product-link\">\n\t\t\t\t\t<div class=\"wc-block-grid__product-onsale\">\n\t\t\t<span aria-hidden=\"true\">\u0130ndirim<\/span>\n\t\t\t<span class=\"screen-reader-text\">\u0130ndirimdeki \u00fcr\u00fcn<\/span>\n\t\t<\/div>\n\t\t\t\t\t<div class=\"wc-block-grid__product-image\"><img loading=\"lazy\" decoding=\"async\" width=\"300\" height=\"300\" src=\"https:\/\/demo.garsoft.com.tr\/jel-eldiven\/wp-content\/uploads\/woocommerce-placeholder-300x300.webp\" class=\"woocommerce-placeholder wp-post-image\" alt=\"\" srcset=\"https:\/\/demo.garsoft.com.tr\/jel-eldiven\/wp-content\/uploads\/woocommerce-placeholder-300x300.webp 300w, https:\/\/demo.garsoft.com.tr\/jel-eldiven\/wp-content\/uploads\/woocommerce-placeholder-100x100.webp 100w, https:\/\/demo.garsoft.com.tr\/jel-eldiven\/wp-content\/uploads\/woocommerce-placeholder-600x600.webp 600w, https:\/\/demo.garsoft.com.tr\/jel-eldiven\/wp-content\/uploads\/woocommerce-placeholder-1024x1024.webp 1024w, https:\/\/demo.garsoft.com.tr\/jel-eldiven\/wp-content\/uploads\/woocommerce-placeholder-150x150.webp 150w, https:\/\/demo.garsoft.com.tr\/jel-eldiven\/wp-content\/uploads\/woocommerce-placeholder-768x768.webp 768w, https:\/\/demo.garsoft.com.tr\/jel-eldiven\/wp-content\/uploads\/woocommerce-placeholder.webp 1200w\" sizes=\"auto, (max-width: 300px) 100vw, 300px\" \/><\/div>\n\t\t\t\t\t<div class=\"wc-block-grid__product-title\">Ev Han\u0131mlar\u0131 Seti<\/div>\n\t\t\t\t<\/a>\n\t\t\t\t<div class=\"wc-block-grid__product-price price\"><del aria-hidden=\"true\"><span class=\"woocommerce-Price-amount amount\"><span class=\"woocommerce-Price-currencySymbol\">&#8378;<\/span>1.400,00<\/span><\/del> <span class=\"screen-reader-text\">Orijinal fiyat: &#8378;1.400,00.<\/span><ins aria-hidden=\"true\"><span class=\"woocommerce-Price-amount amount\"><span class=\"woocommerce-Price-currencySymbol\">&#8378;<\/span>600,00<\/span><\/ins><span class=\"screen-reader-text\">\u015eu andaki fiyat: &#8378;600,00.<\/span><\/div>\n\t\t\t\t\n\t\t\t\t<div class=\"wp-block-button wc-block-grid__product-add-to-cart\"><a href=\"\/jel-eldiven\/wp-json\/wp\/v2\/pages\/7?add-to-cart=154\" aria-label=\"&ldquo;Ev Han\u0131mlar\u0131 Seti&rdquo; hakk\u0131nda daha fazla bilgi edinin\" data-quantity=\"1\" data-product_id=\"154\" data-product_sku=\"\" data-price=\"600\" rel=\"nofollow\" class=\"wp-block-button__link  add_to_cart_button ajax_add_to_cart\">Sepete Ekle<\/a><\/div>\n\t\t\t<\/li><li class=\"wc-block-grid__product\">\n\t\t\t\t<a href=\"https:\/\/demo.garsoft.com.tr\/jel-eldiven\/urun\/sanayi-koruma-seti\" class=\"wc-block-grid__product-link\">\n\t\t\t\t\t<div class=\"wc-block-grid__product-onsale\">\n\t\t\t<span aria-hidden=\"true\">\u0130ndirim<\/span>\n\t\t\t<span class=\"screen-reader-text\">\u0130ndirimdeki \u00fcr\u00fcn<\/span>\n\t\t<\/div>\n\t\t\t\t\t<div class=\"wc-block-grid__product-image\"><img loading=\"lazy\" decoding=\"async\" width=\"300\" height=\"300\" src=\"https:\/\/demo.garsoft.com.tr\/jel-eldiven\/wp-content\/uploads\/woocommerce-placeholder-300x300.webp\" class=\"woocommerce-placeholder wp-post-image\" alt=\"\" srcset=\"https:\/\/demo.garsoft.com.tr\/jel-eldiven\/wp-content\/uploads\/woocommerce-placeholder-300x300.webp 300w, https:\/\/demo.garsoft.com.tr\/jel-eldiven\/wp-content\/uploads\/woocommerce-placeholder-100x100.webp 100w, https:\/\/demo.garsoft.com.tr\/jel-eldiven\/wp-content\/uploads\/woocommerce-placeholder-600x600.webp 600w, https:\/\/demo.garsoft.com.tr\/jel-eldiven\/wp-content\/uploads\/woocommerce-placeholder-1024x1024.webp 1024w, https:\/\/demo.garsoft.com.tr\/jel-eldiven\/wp-content\/uploads\/woocommerce-placeholder-150x150.webp 150w, https:\/\/demo.garsoft.com.tr\/jel-eldiven\/wp-content\/uploads\/woocommerce-placeholder-768x768.webp 768w, https:\/\/demo.garsoft.com.tr\/jel-eldiven\/wp-content\/uploads\/woocommerce-placeholder.webp 1200w\" sizes=\"auto, (max-width: 300px) 100vw, 300px\" \/><\/div>\n\t\t\t\t\t<div class=\"wc-block-grid__product-title\">Sanayi Koruma Seti<\/div>\n\t\t\t\t<\/a>\n\t\t\t\t<div class=\"wc-block-grid__product-price price\"><del aria-hidden=\"true\"><span class=\"woocommerce-Price-amount amount\"><span class=\"woocommerce-Price-currencySymbol\">&#8378;<\/span>6.300,00<\/span><\/del> <span class=\"screen-reader-text\">Orijinal fiyat: &#8378;6.300,00.<\/span><ins aria-hidden=\"true\"><span class=\"woocommerce-Price-amount amount\"><span class=\"woocommerce-Price-currencySymbol\">&#8378;<\/span>3.943,80<\/span><\/ins><span class=\"screen-reader-text\">\u015eu andaki fiyat: &#8378;3.943,80.<\/span><\/div>\n\t\t\t\t\n\t\t\t\t<div class=\"wp-block-button wc-block-grid__product-add-to-cart\"><a href=\"\/jel-eldiven\/wp-json\/wp\/v2\/pages\/7?add-to-cart=148\" aria-label=\"&ldquo;Sanayi Koruma Seti&rdquo; hakk\u0131nda daha fazla bilgi edinin\" data-quantity=\"1\" data-product_id=\"148\" data-product_sku=\"\" data-price=\"400\" rel=\"nofollow\" class=\"wp-block-button__link  add_to_cart_button ajax_add_to_cart\">Sepete Ekle<\/a><\/div>\n\t\t\t<\/li><li class=\"wc-block-grid__product\">\n\t\t\t\t<a href=\"https:\/\/demo.garsoft.com.tr\/jel-eldiven\/urun\/jel-eldiven-250-ml\" class=\"wc-block-grid__product-link\">\n\t\t\t\t\t<div class=\"wc-block-grid__product-onsale\">\n\t\t\t<span aria-hidden=\"true\">\u0130ndirim<\/span>\n\t\t\t<span class=\"screen-reader-text\">\u0130ndirimdeki \u00fcr\u00fcn<\/span>\n\t\t<\/div>\n\t\t\t\t\t<div class=\"wc-block-grid__product-image\"><img loading=\"lazy\" decoding=\"async\" width=\"300\" height=\"300\" src=\"https:\/\/demo.garsoft.com.tr\/jel-eldiven\/wp-content\/uploads\/2025\/11\/WhatsApp-Image-2025-11-12-at-11.50.19-300x300.jpeg\" class=\"attachment-woocommerce_thumbnail size-woocommerce_thumbnail\" alt=\"Jel Eldiven (250 ml)\" srcset=\"https:\/\/demo.garsoft.com.tr\/jel-eldiven\/wp-content\/uploads\/2025\/11\/WhatsApp-Image-2025-11-12-at-11.50.19-300x300.jpeg 300w, https:\/\/demo.garsoft.com.tr\/jel-eldiven\/wp-content\/uploads\/2025\/11\/WhatsApp-Image-2025-11-12-at-11.50.19-150x150.jpeg 150w, https:\/\/demo.garsoft.com.tr\/jel-eldiven\/wp-content\/uploads\/2025\/11\/WhatsApp-Image-2025-11-12-at-11.50.19-100x100.jpeg 100w\" sizes=\"auto, (max-width: 300px) 100vw, 300px\" \/><\/div>\n\t\t\t\t\t<div class=\"wc-block-grid__product-title\">Jel Eldiven (250 ml)<\/div>\n\t\t\t\t<\/a>\n\t\t\t\t<div class=\"wc-block-grid__product-price price\"><del aria-hidden=\"true\"><span class=\"woocommerce-Price-amount amount\"><span class=\"woocommerce-Price-currencySymbol\">&#8378;<\/span>500,00<\/span><\/del> <span class=\"screen-reader-text\">Orijinal fiyat: &#8378;500,00.<\/span><ins aria-hidden=\"true\"><span class=\"woocommerce-Price-amount amount\"><span class=\"woocommerce-Price-currencySymbol\">&#8378;<\/span>350,00<\/span><\/ins><span class=\"screen-reader-text\">\u015eu andaki fiyat: &#8378;350,00.<\/span><\/div>\n\t\t\t\t<div class=\"wc-block-grid__product-rating\"><div class=\"star-rating\" role=\"img\" aria-label=\"5 \u00fczerinden 4.75 oy ald\u0131\"><span style=\"width:95%\"><span class=\"rating\">4<\/span> m\u00fc\u015fteri puan\u0131na dayanarak 5 \u00fczerinden <strong class=\"rating\">4.75<\/strong> puan ald\u0131<\/span><\/div><\/div>\n\t\t\t\t<div class=\"wp-block-button wc-block-grid__product-add-to-cart\"><a href=\"\/jel-eldiven\/wp-json\/wp\/v2\/pages\/7?add-to-cart=66\" aria-label=\"Sepete ekle: \u201cJel Eldiven (250 ml)\u201d\" data-quantity=\"1\" data-product_id=\"66\" data-product_sku=\"PRO01\" data-price=\"350\" rel=\"nofollow\" class=\"wp-block-button__link  add_to_cart_button ajax_add_to_cart\">Sepete Ekle<\/a><\/div>\n\t\t\t<\/li><\/ul><\/div><\/div>\n<\/div>\n","protected":false},"excerpt":{"rendered":"","protected":false},"author":1,"featured_media":0,"parent":0,"menu_order":0,"comment_status":"closed","ping_status":"closed","template":"","meta":{"footnotes":""},"class_list":["post-7","page","type-page","status-publish","hentry"],"yoast_head":"<!-- This site is optimized with the Yoast SEO plugin v26.5 - https:\/\/yoast.com\/wordpress\/plugins\/seo\/ -->\n<title>Sepet - BioClean<\/title>\n<meta name=\"robots\" content=\"noindex, follow, max-snippet:-1, max-image-preview:large, max-video-preview:-1\" \/>\n<meta property=\"og:locale\" content=\"tr_TR\" \/>\n<meta property=\"og:type\" content=\"article\" \/>\n<meta property=\"og:title\" content=\"Sepet - BioClean\" \/>\n<meta property=\"og:url\" content=\"https:\/\/demo.garsoft.com.tr\/jel-eldiven\/sepet\" \/>\n<meta property=\"og:site_name\" content=\"BioClean\" \/>\n<meta property=\"article:modified_time\" content=\"2025-11-09T14:16:20+00:00\" \/>\n<meta name=\"twitter:card\" content=\"summary_large_image\" \/>\n<script type=\"application\/ld+json\" class=\"yoast-schema-graph\">{\"@context\":\"https:\/\/schema.org\",\"@graph\":[{\"@type\":\"WebPage\",\"@id\":\"https:\/\/demo.garsoft.com.tr\/jel-eldiven\/sepet\",\"url\":\"https:\/\/demo.garsoft.com.tr\/jel-eldiven\/sepet\",\"name\":\"Sepet - BioClean\",\"isPartOf\":{\"@id\":\"https:\/\/demo.garsoft.com.tr\/jel-eldiven\/#website\"},\"datePublished\":\"2025-11-09T14:11:20+00:00\",\"dateModified\":\"2025-11-09T14:16:20+00:00\",\"breadcrumb\":{\"@id\":\"https:\/\/demo.garsoft.com.tr\/jel-eldiven\/sepet#breadcrumb\"},\"inLanguage\":\"tr\",\"potentialAction\":[{\"@type\":\"ReadAction\",\"target\":[\"https:\/\/demo.garsoft.com.tr\/jel-eldiven\/sepet\"]}]},{\"@type\":\"BreadcrumbList\",\"@id\":\"https:\/\/demo.garsoft.com.tr\/jel-eldiven\/sepet#breadcrumb\",\"itemListElement\":[{\"@type\":\"ListItem\",\"position\":1,\"name\":\"Anasayfa\",\"item\":\"https:\/\/demo.garsoft.com.tr\/jel-eldiven\"},{\"@type\":\"ListItem\",\"position\":2,\"name\":\"Sepet\"}]},{\"@type\":\"WebSite\",\"@id\":\"https:\/\/demo.garsoft.com.tr\/jel-eldiven\/#website\",\"url\":\"https:\/\/demo.garsoft.com.tr\/jel-eldiven\/\",\"name\":\"BioClean\",\"description\":\"\",\"potentialAction\":[{\"@type\":\"SearchAction\",\"target\":{\"@type\":\"EntryPoint\",\"urlTemplate\":\"https:\/\/demo.garsoft.com.tr\/jel-eldiven\/?s={search_term_string}\"},\"query-input\":{\"@type\":\"PropertyValueSpecification\",\"valueRequired\":true,\"valueName\":\"search_term_string\"}}],\"inLanguage\":\"tr\"}]}<\/script>\n<!-- \/ Yoast SEO plugin. -->","yoast_head_json":{"title":"Sepet - BioClean","robots":{"index":"noindex","follow":"follow","max-snippet":"max-snippet:-1","max-image-preview":"max-image-preview:large","max-video-preview":"max-video-preview:-1"},"og_locale":"tr_TR","og_type":"article","og_title":"Sepet - BioClean","og_url":"https:\/\/demo.garsoft.com.tr\/jel-eldiven\/sepet","og_site_name":"BioClean","article_modified_time":"2025-11-09T14:16:20+00:00","twitter_card":"summary_large_image","schema":{"@context":"https:\/\/schema.org","@graph":[{"@type":"WebPage","@id":"https:\/\/demo.garsoft.com.tr\/jel-eldiven\/sepet","url":"https:\/\/demo.garsoft.com.tr\/jel-eldiven\/sepet","name":"Sepet - BioClean","isPartOf":{"@id":"https:\/\/demo.garsoft.com.tr\/jel-eldiven\/#website"},"datePublished":"2025-11-09T14:11:20+00:00","dateModified":"2025-11-09T14:16:20+00:00","breadcrumb":{"@id":"https:\/\/demo.garsoft.com.tr\/jel-eldiven\/sepet#breadcrumb"},"inLanguage":"tr","potentialAction":[{"@type":"ReadAction","target":["https:\/\/demo.garsoft.com.tr\/jel-eldiven\/sepet"]}]},{"@type":"BreadcrumbList","@id":"https:\/\/demo.garsoft.com.tr\/jel-eldiven\/sepet#breadcrumb","itemListElement":[{"@type":"ListItem","position":1,"name":"Anasayfa","item":"https:\/\/demo.garsoft.com.tr\/jel-eldiven"},{"@type":"ListItem","position":2,"name":"Sepet"}]},{"@type":"WebSite","@id":"https:\/\/demo.garsoft.com.tr\/jel-eldiven\/#website","url":"https:\/\/demo.garsoft.com.tr\/jel-eldiven\/","name":"BioClean","description":"","potentialAction":[{"@type":"SearchAction","target":{"@type":"EntryPoint","urlTemplate":"https:\/\/demo.garsoft.com.tr\/jel-eldiven\/?s={search_term_string}"},"query-input":{"@type":"PropertyValueSpecification","valueRequired":true,"valueName":"search_term_string"}}],"inLanguage":"tr"}]}},"_links":{"self":[{"href":"https:\/\/demo.garsoft.com.tr\/jel-eldiven\/wp-json\/wp\/v2\/pages\/7","targetHints":{"allow":["GET"]}}],"collection":[{"href":"https:\/\/demo.garsoft.com.tr\/jel-eldiven\/wp-json\/wp\/v2\/pages"}],"about":[{"href":"https:\/\/demo.garsoft.com.tr\/jel-eldiven\/wp-json\/wp\/v2\/types\/page"}],"author":[{"embeddable":true,"href":"https:\/\/demo.garsoft.com.tr\/jel-eldiven\/wp-json\/wp\/v2\/users\/1"}],"replies":[{"embeddable":true,"href":"https:\/\/demo.garsoft.com.tr\/jel-eldiven\/wp-json\/wp\/v2\/comments?post=7"}],"version-history":[{"count":1,"href":"https:\/\/demo.garsoft.com.tr\/jel-eldiven\/wp-json\/wp\/v2\/pages\/7\/revisions"}],"predecessor-version":[{"id":11,"href":"https:\/\/demo.garsoft.com.tr\/jel-eldiven\/wp-json\/wp\/v2\/pages\/7\/revisions\/11"}],"wp:attachment":[{"href":"https:\/\/demo.garsoft.com.tr\/jel-eldiven\/wp-json\/wp\/v2\/media?parent=7"}],"curies":[{"name":"wp","href":"https:\/\/api.w.org\/{rel}","templated":true}]}}