{"id":3,"date":"2025-11-09T17:02:45","date_gmt":"2025-11-09T14:02:45","guid":{"rendered":"https:\/\/demo.garsoft.com.tr\/jel-eldiven\/?page_id=3"},"modified":"2025-11-09T19:05:15","modified_gmt":"2025-11-09T16:05:15","slug":"gizlilik-politikasi","status":"publish","type":"page","link":"https:\/\/demo.garsoft.com.tr\/jel-eldiven\/gizlilik-politikasi","title":{"rendered":"Gizlilik Politikas\u0131"},"content":{"rendered":"<p>Siteye eri\u015fiminizden veya siteyi kullan\u0131m\u0131n\u0131zdan \u00f6nce l\u00fctfen bu s\u00f6zle\u015fmeyi dikkatle okuyunuz. Siteye eri\u015fmekle veya siteyi kullanmakla, a\u015fa\u011f\u0131da belirtilen \u015fartlar ve h\u00fck\u00fcmlerle ba\u011fl\u0131 olmay\u0131 kabul etmektesiniz. E\u011fer bu \u015fartlar ve h\u00fck\u00fcmlerle ba\u011fl\u0131 olmak istemezseniz, siteye eri\u015fmeyebilir veya siteyi kullanmayabilirsiniz. Bu beyan www.eyupsabrituncer.com (EST 1923 Perakende ve \u0130nteraktif Ma\u011fazac\u0131l\u0131k Ticaret LTD. \u015eT\u0130.)&#8217;un gizlilik politikas\u0131n\u0131 i\u00e7erir. www.eyupsabrituncer.com web sitesini ziyaret ederek a\u015fa\u011f\u0131daki \u015fartlar\u0131 ve kurallar\u0131 uygulamay\u0131 kabul etmi\u015f say\u0131lmaktas\u0131n\u0131z.<\/p>\n<ol>\n<li>www.eyupsabrituncer.com \u00fcyelik a\u015famas\u0131nda ve daha sonras\u0131nda sizden baz\u0131 ki\u015fisel bilgilerinizi talep eder. Ki\u015fisel bilgilerinizin korunmas\u0131 ve gizlili\u011finizin s\u00fcrd\u00fcr\u00fclebilmesi, www.eyupsabrituncer.com olarak birinci \u00f6nceli\u011fimizdir. Bu nedenle vermi\u015f oldu\u011funuz bilgiler, \u00dcyelik S\u00f6zle\u015fmesi&#8217;nde belirtilen kurallar ve ama\u00e7lar d\u0131\u015f\u0131nda herhangi bir kapsamda kullan\u0131lmayacak, \u00fc\u00e7\u00fcnc\u00fc \u015fah\u0131slarla payla\u015f\u0131lmayacakt\u0131r.<\/li>\n<li>Sistemle ilgili sorunlar\u0131n tespiti ve s\u00f6z konusu sorunlar\u0131n en h\u0131zl\u0131 \u015fekilde giderilebilmesi i\u00e7in, www.eyupsabrituncer.com, gerekti\u011finde kullan\u0131c\u0131lar\u0131n IP adresini tespit etmekte ve bunu kullanmaktad\u0131r. IP adresleri, kullan\u0131c\u0131lar\u0131 genel bir \u015fekilde tan\u0131mlamak ve kapsaml\u0131 demografik bilgi toplamak amac\u0131yla da kullan\u0131labilir.<\/li>\n<li>Sitemizdeki kay\u0131t formlar\u0131, sipari\u015f formlar\u0131, anketler ve yar\u0131\u015fmalarda, irtibat bilgilerinizi do\u011fru olarak (ad\u0131n\u0131z, soyad\u0131n\u0131z, email adresiniz, telefon numaralar\u0131n\u0131z ve posta adresiniz) vermeniz talep edilmektedir. Ayr\u0131ca, sat\u0131n alma formunda kredi kart\u0131yla yapaca\u011f\u0131n\u0131z al\u0131\u015fveri\u015flerinizde kredi kart\u0131 bilgilerinizi vermeniz gerekmektedir. Yukar\u0131da bahsedilen ki\u015fisel bilgileriniz; sipari\u015flerinizi almak, \u00fcr\u00fcn ve hizmetlerimizi sunmak, \u00f6demelerinizi ger\u00e7ekle\u015ftirmek, sipari\u015flerinizi ula\u015ft\u0131rmak ve sipari\u015fleriniz ile ilgili bilgi vermek, \u00fcr\u00fcnler ve hizmetler hakk\u0131nda pazarlama amac\u0131yla sizinle irtibata ge\u00e7mek, bilgilerinizi g\u00fcncellemek, \u00fcyeli\u011finizi y\u00f6netmek ve s\u00fcrd\u00fcrmek, ilginizi \u00e7ekebilecek \u00fcr\u00fcn ve hizmetleri \u00f6nermek ve 3. \u015fah\u0131slar\u0131n teknik, lojistik ve benzeri di\u011fer i\u015flevlerini bizim ad\u0131m\u0131za yerine getirmelerini sa\u011flamak amac\u0131yla kullan\u0131lmaktad\u0131r.<\/li>\n<li>Demografik bilgiler, sitemizi kullan\u0131c\u0131lar\u0131m\u0131z\u0131n ilgi alanlar\u0131na g\u00f6re uyarlamak i\u00e7in kullan\u0131lmaktad\u0131r. Bu bilgiler, reklamlar\u0131n hedef kitleye uyarlanabilmesini temin etmek maksad\u0131yla ve yaln\u0131zca di\u011fer kullan\u0131c\u0131lara ait bilgilerle birlikte olmak \u00fczere, reklam verenlerle payla\u015f\u0131labilir. Bu bilgilerde herhangi bir \u015fekilde ki\u015fisel bilgi verilmez, sadece grup olarak kullan\u0131c\u0131 e\u011filimleri ile ilgili bir tak\u0131m \u00e7\u0131kar\u0131mlar yapmak ve segmentasyon amac\u0131yla kullan\u0131l\u0131r. Toplanan mali bilgiler sat\u0131n ald\u0131\u011f\u0131n\u0131z \u00fcr\u00fcn ve hizmetleri size fatura etmek i\u00e7in kullan\u0131lmaktad\u0131r. Sitemizde bir sat\u0131n alma yapt\u0131\u011f\u0131n\u0131zda size ait mali bilgilerin, i\u015fleminizi ger\u00e7ekle\u015ftirmek i\u00e7in gerekli 3. \u015fah\u0131slara (bankalar, kredi kart\u0131 \u015firketleri vb.) verilmesini kabul etmektesiniz. Payla\u015f\u0131lacak bilgiler; kredi kart\u0131 numaras\u0131, son kullanma tarihi, CVV2 de dahil olmak \u00fczere gerekli t\u00fcm mali bilgileri i\u00e7erir.<\/li>\n<li>T\u00fcm kredi kart\u0131 ve ki\u015fisel bilgilerinizin, internet \u00fczerindeki dola\u015f\u0131mlar s\u0131ras\u0131nda herhangi bir \u015fekilde bu bilgilerinizin istenilmeyen ki\u015fi veya kurumlar taraf\u0131ndan ele ge\u00e7irilmesi \u00f6nlenmi\u015ftir.<\/li>\n<li>Firmam\u0131z, ki\u015fisel bilgileri kesinlikle \u00f6zel ve gizli tutmay\u0131, bunu bir s\u0131r saklama y\u00fck\u00fcml\u00fcl\u00fc\u011f\u00fc olarak addetmeyi, gizlili\u011fin sa\u011flanmas\u0131 ve s\u00fcrd\u00fcr\u00fclmesi, gizli bilginin tamam\u0131n\u0131n veya herhangi bir k\u0131sm\u0131n\u0131n kamu alan\u0131na girmesini veya yetkisiz kullan\u0131m\u0131n\u0131 veya \u00fc\u00e7\u00fcnc\u00fc bir ki\u015fiye if\u015fas\u0131n\u0131 \u00f6nlemek i\u00e7in gerekli tedbirleri almay\u0131 ve gerekli \u00f6zeni g\u00f6stermeyi taahh\u00fct etmektedir. Firmam\u0131z\u0131n gerekli bilgi g\u00fcvenli\u011fi \u00f6nlemlerini almas\u0131na kar\u015f\u0131n, sitemize ve sisteme yap\u0131lan sald\u0131r\u0131lar sonucunda gizli bilgilerin zarar g\u00f6rmesi veya \u00fc\u00e7\u00fcnc\u00fc ki\u015filerin eline ge\u00e7mesi durumunda, firmam\u0131z\u0131n herhangi bir sorumlulu\u011fu olmayacakt\u0131r.<\/li>\n<li>Gizlilik politikam\u0131z ile ilgili her t\u00fcrl\u00fc soru ve \u00f6neriniz i\u00e7in sitemizdeki ileti\u015fim b\u00f6l\u00fcm\u00fcnden bize email g\u00f6nderebilirsiniz.<\/li>\n<\/ol>\n<p><a href=\"https:\/\/www.eyupsabrituncer.com\/\">eyupsabrituncer.com<\/a>&#8216;a a\u015fa\u011f\u0131da yer alan ileti\u015fim bilgilerinden ula\u015fabilirsiniz:<\/p>\n<p><strong>Adres :<\/strong> Ayaza\u011fa Mh. Azerbaycan Cd. 1B Blok NO: 3C Kat:20 No:45 Sar\u0131yer\/\u0130STANBUL<\/p>\n<p><strong>Telefon:<\/strong> 0 212 4698080<\/p>\n<p><strong>M\u00fc\u015fteri Hizmetleri :<\/strong> eyupsabrituncer@eyupsabrituncer.com<\/p>\n","protected":false},"excerpt":{"rendered":"<p>Siteye eri\u015fiminizden veya siteyi kullan\u0131m\u0131n\u0131zdan \u00f6nce l\u00fctfen bu s\u00f6zle\u015fmeyi dikkatle okuyunuz. Siteye eri\u015fmekle veya siteyi kullanmakla, a\u015fa\u011f\u0131da belirtilen \u015fartlar ve h\u00fck\u00fcmlerle ba\u011fl\u0131 olmay\u0131 kabul etmektesiniz. E\u011fer bu \u015fartlar ve h\u00fck\u00fcmlerle ba\u011fl\u0131 olmak istemezseniz, siteye eri\u015fmeyebilir veya siteyi kullanmayabilirsiniz. Bu beyan www.eyupsabrituncer.com (EST 1923 Perakende ve \u0130nteraktif Ma\u011fazac\u0131l\u0131k Ticaret LTD. \u015eT\u0130.)&#8217;un gizlilik politikas\u0131n\u0131 i\u00e7erir. www.eyupsabrituncer.com web [&hellip;]<\/p>\n","protected":false},"author":1,"featured_media":0,"parent":0,"menu_order":0,"comment_status":"closed","ping_status":"closed","template":"","meta":{"footnotes":""},"class_list":["post-3","page","type-page","status-publish","hentry"],"yoast_head":"<!-- This site is optimized with the Yoast SEO plugin v26.5 - https:\/\/yoast.com\/wordpress\/plugins\/seo\/ -->\n<title>Gizlilik Politikas\u0131 - BioClean<\/title>\n<meta name=\"robots\" content=\"noindex, follow, max-snippet:-1, max-image-preview:large, max-video-preview:-1\" \/>\n<meta property=\"og:locale\" content=\"tr_TR\" \/>\n<meta property=\"og:type\" content=\"article\" \/>\n<meta property=\"og:title\" content=\"Gizlilik Politikas\u0131 - BioClean\" \/>\n<meta property=\"og:description\" content=\"Siteye eri\u015fiminizden veya siteyi kullan\u0131m\u0131n\u0131zdan \u00f6nce l\u00fctfen bu s\u00f6zle\u015fmeyi dikkatle okuyunuz. Siteye eri\u015fmekle veya siteyi kullanmakla, a\u015fa\u011f\u0131da belirtilen \u015fartlar ve h\u00fck\u00fcmlerle ba\u011fl\u0131 olmay\u0131 kabul etmektesiniz. E\u011fer bu \u015fartlar ve h\u00fck\u00fcmlerle ba\u011fl\u0131 olmak istemezseniz, siteye eri\u015fmeyebilir veya siteyi kullanmayabilirsiniz. Bu beyan www.eyupsabrituncer.com (EST 1923 Perakende ve \u0130nteraktif Ma\u011fazac\u0131l\u0131k Ticaret LTD. \u015eT\u0130.)&#8217;un gizlilik politikas\u0131n\u0131 i\u00e7erir. www.eyupsabrituncer.com web [&hellip;]\" \/>\n<meta property=\"og:url\" content=\"https:\/\/demo.garsoft.com.tr\/jel-eldiven\/gizlilik-politikasi\" \/>\n<meta property=\"og:site_name\" content=\"BioClean\" \/>\n<meta property=\"article:modified_time\" content=\"2025-11-09T16:05:15+00:00\" \/>\n<meta name=\"twitter:card\" content=\"summary_large_image\" \/>\n<meta name=\"twitter:label1\" content=\"Tahmini okuma s\u00fcresi\" \/>\n\t<meta name=\"twitter:data1\" content=\"3 dakika\" \/>\n<script type=\"application\/ld+json\" class=\"yoast-schema-graph\">{\"@context\":\"https:\/\/schema.org\",\"@graph\":[{\"@type\":\"WebPage\",\"@id\":\"https:\/\/demo.garsoft.com.tr\/jel-eldiven\/gizlilik-politikasi\",\"url\":\"https:\/\/demo.garsoft.com.tr\/jel-eldiven\/gizlilik-politikasi\",\"name\":\"Gizlilik Politikas\u0131 - BioClean\",\"isPartOf\":{\"@id\":\"https:\/\/demo.garsoft.com.tr\/jel-eldiven\/#website\"},\"datePublished\":\"2025-11-09T14:02:45+00:00\",\"dateModified\":\"2025-11-09T16:05:15+00:00\",\"breadcrumb\":{\"@id\":\"https:\/\/demo.garsoft.com.tr\/jel-eldiven\/gizlilik-politikasi#breadcrumb\"},\"inLanguage\":\"tr\",\"potentialAction\":[{\"@type\":\"ReadAction\",\"target\":[\"https:\/\/demo.garsoft.com.tr\/jel-eldiven\/gizlilik-politikasi\"]}]},{\"@type\":\"BreadcrumbList\",\"@id\":\"https:\/\/demo.garsoft.com.tr\/jel-eldiven\/gizlilik-politikasi#breadcrumb\",\"itemListElement\":[{\"@type\":\"ListItem\",\"position\":1,\"name\":\"Anasayfa\",\"item\":\"https:\/\/demo.garsoft.com.tr\/jel-eldiven\"},{\"@type\":\"ListItem\",\"position\":2,\"name\":\"Gizlilik Politikas\u0131\"}]},{\"@type\":\"WebSite\",\"@id\":\"https:\/\/demo.garsoft.com.tr\/jel-eldiven\/#website\",\"url\":\"https:\/\/demo.garsoft.com.tr\/jel-eldiven\/\",\"name\":\"BioClean\",\"description\":\"\",\"potentialAction\":[{\"@type\":\"SearchAction\",\"target\":{\"@type\":\"EntryPoint\",\"urlTemplate\":\"https:\/\/demo.garsoft.com.tr\/jel-eldiven\/?s={search_term_string}\"},\"query-input\":{\"@type\":\"PropertyValueSpecification\",\"valueRequired\":true,\"valueName\":\"search_term_string\"}}],\"inLanguage\":\"tr\"}]}<\/script>\n<!-- \/ Yoast SEO plugin. -->","yoast_head_json":{"title":"Gizlilik Politikas\u0131 - BioClean","robots":{"index":"noindex","follow":"follow","max-snippet":"max-snippet:-1","max-image-preview":"max-image-preview:large","max-video-preview":"max-video-preview:-1"},"og_locale":"tr_TR","og_type":"article","og_title":"Gizlilik Politikas\u0131 - BioClean","og_description":"Siteye eri\u015fiminizden veya siteyi kullan\u0131m\u0131n\u0131zdan \u00f6nce l\u00fctfen bu s\u00f6zle\u015fmeyi dikkatle okuyunuz. Siteye eri\u015fmekle veya siteyi kullanmakla, a\u015fa\u011f\u0131da belirtilen \u015fartlar ve h\u00fck\u00fcmlerle ba\u011fl\u0131 olmay\u0131 kabul etmektesiniz. E\u011fer bu \u015fartlar ve h\u00fck\u00fcmlerle ba\u011fl\u0131 olmak istemezseniz, siteye eri\u015fmeyebilir veya siteyi kullanmayabilirsiniz. Bu beyan www.eyupsabrituncer.com (EST 1923 Perakende ve \u0130nteraktif Ma\u011fazac\u0131l\u0131k Ticaret LTD. \u015eT\u0130.)&#8217;un gizlilik politikas\u0131n\u0131 i\u00e7erir. www.eyupsabrituncer.com web [&hellip;]","og_url":"https:\/\/demo.garsoft.com.tr\/jel-eldiven\/gizlilik-politikasi","og_site_name":"BioClean","article_modified_time":"2025-11-09T16:05:15+00:00","twitter_card":"summary_large_image","twitter_misc":{"Tahmini okuma s\u00fcresi":"3 dakika"},"schema":{"@context":"https:\/\/schema.org","@graph":[{"@type":"WebPage","@id":"https:\/\/demo.garsoft.com.tr\/jel-eldiven\/gizlilik-politikasi","url":"https:\/\/demo.garsoft.com.tr\/jel-eldiven\/gizlilik-politikasi","name":"Gizlilik Politikas\u0131 - BioClean","isPartOf":{"@id":"https:\/\/demo.garsoft.com.tr\/jel-eldiven\/#website"},"datePublished":"2025-11-09T14:02:45+00:00","dateModified":"2025-11-09T16:05:15+00:00","breadcrumb":{"@id":"https:\/\/demo.garsoft.com.tr\/jel-eldiven\/gizlilik-politikasi#breadcrumb"},"inLanguage":"tr","potentialAction":[{"@type":"ReadAction","target":["https:\/\/demo.garsoft.com.tr\/jel-eldiven\/gizlilik-politikasi"]}]},{"@type":"BreadcrumbList","@id":"https:\/\/demo.garsoft.com.tr\/jel-eldiven\/gizlilik-politikasi#breadcrumb","itemListElement":[{"@type":"ListItem","position":1,"name":"Anasayfa","item":"https:\/\/demo.garsoft.com.tr\/jel-eldiven"},{"@type":"ListItem","position":2,"name":"Gizlilik Politikas\u0131"}]},{"@type":"WebSite","@id":"https:\/\/demo.garsoft.com.tr\/jel-eldiven\/#website","url":"https:\/\/demo.garsoft.com.tr\/jel-eldiven\/","name":"BioClean","description":"","potentialAction":[{"@type":"SearchAction","target":{"@type":"EntryPoint","urlTemplate":"https:\/\/demo.garsoft.com.tr\/jel-eldiven\/?s={search_term_string}"},"query-input":{"@type":"PropertyValueSpecification","valueRequired":true,"valueName":"search_term_string"}}],"inLanguage":"tr"}]}},"_links":{"self":[{"href":"https:\/\/demo.garsoft.com.tr\/jel-eldiven\/wp-json\/wp\/v2\/pages\/3","targetHints":{"allow":["GET"]}}],"collection":[{"href":"https:\/\/demo.garsoft.com.tr\/jel-eldiven\/wp-json\/wp\/v2\/pages"}],"about":[{"href":"https:\/\/demo.garsoft.com.tr\/jel-eldiven\/wp-json\/wp\/v2\/types\/page"}],"author":[{"embeddable":true,"href":"https:\/\/demo.garsoft.com.tr\/jel-eldiven\/wp-json\/wp\/v2\/users\/1"}],"replies":[{"embeddable":true,"href":"https:\/\/demo.garsoft.com.tr\/jel-eldiven\/wp-json\/wp\/v2\/comments?post=3"}],"version-history":[{"count":2,"href":"https:\/\/demo.garsoft.com.tr\/jel-eldiven\/wp-json\/wp\/v2\/pages\/3\/revisions"}],"predecessor-version":[{"id":126,"href":"https:\/\/demo.garsoft.com.tr\/jel-eldiven\/wp-json\/wp\/v2\/pages\/3\/revisions\/126"}],"wp:attachment":[{"href":"https:\/\/demo.garsoft.com.tr\/jel-eldiven\/wp-json\/wp\/v2\/media?parent=3"}],"curies":[{"name":"wp","href":"https:\/\/api.w.org\/{rel}","templated":true}]}}